{"id":417,"date":"2024-01-22T14:13:07","date_gmt":"2024-01-22T13:13:07","guid":{"rendered":"https:\/\/www.viajaconsele.com\/?page_id=417"},"modified":"2024-03-04T10:41:19","modified_gmt":"2024-03-04T09:41:19","slug":"the-corner-of-sele-the-travel-blog","status":"publish","type":"page","link":"https:\/\/www.viajaconsele.com\/en\/el-rincon-de-sele-el-blog-de-viajes\/","title":{"rendered":"Sele&#039;s corner, the travel blog"},"content":{"rendered":"<div data-elementor-type=\"wp-page\" data-elementor-id=\"417\" class=\"elementor elementor-417\" data-elementor-post-type=\"page\">\n\t\t\t\t\t\t<section class=\"elementor-section elementor-top-section elementor-element elementor-element-3132abe7 elementor-section-height-min-height elementor-section-boxed elementor-section-height-default elementor-section-items-middle\" data-id=\"3132abe7\" data-element_type=\"section\" data-e-type=\"section\" data-settings=\"{&quot;background_background&quot;:&quot;classic&quot;}\">\n\t\t\t\t\t\t\t<div class=\"elementor-background-overlay\"><\/div>\n\t\t\t\t\t\t\t<div class=\"elementor-container elementor-column-gap-no\">\n\t\t\t\t\t<div class=\"elementor-column elementor-col-100 elementor-top-column elementor-element elementor-element-59874635\" data-id=\"59874635\" data-element_type=\"column\" data-e-type=\"column\">\n\t\t\t<div class=\"elementor-widget-wrap elementor-element-populated\">\n\t\t\t\t\t\t<div class=\"elementor-element elementor-element-13c8e911 elementor-widget elementor-widget-heading\" data-id=\"13c8e911\" data-element_type=\"widget\" data-e-type=\"widget\" data-widget_type=\"heading.default\">\n\t\t\t\t<div class=\"elementor-widget-container\">\n\t\t\t\t\t<div class=\"elementor-heading-title elementor-size-default\">My travel blog<\/div>\t\t\t\t<\/div>\n\t\t\t\t<\/div>\n\t\t\t\t<div class=\"elementor-element elementor-element-1e1654cc elementor-widget elementor-widget-heading\" data-id=\"1e1654cc\" data-element_type=\"widget\" data-e-type=\"widget\" data-widget_type=\"heading.default\">\n\t\t\t\t<div class=\"elementor-widget-container\">\n\t\t\t\t\t<h1 class=\"elementor-heading-title elementor-size-default\">sele corner<\/h1>\t\t\t\t<\/div>\n\t\t\t\t<\/div>\n\t\t\t\t\t<\/div>\n\t\t<\/div>\n\t\t\t\t\t<\/div>\n\t\t<\/section>\n\t\t\t\t<section class=\"elementor-section elementor-top-section elementor-element elementor-element-2083a6c3 elementor-section-height-min-height elementor-section-boxed elementor-section-height-default elementor-section-items-middle\" data-id=\"2083a6c3\" data-element_type=\"section\" data-e-type=\"section\" data-settings=\"{&quot;background_background&quot;:&quot;gradient&quot;}\">\n\t\t\t\t\t\t<div class=\"elementor-container elementor-column-gap-no\">\n\t\t\t\t\t<div class=\"elementor-column elementor-col-100 elementor-top-column elementor-element elementor-element-10146b1a\" data-id=\"10146b1a\" data-element_type=\"column\" data-e-type=\"column\">\n\t\t\t<div class=\"elementor-widget-wrap\">\n\t\t\t\t\t\t\t<\/div>\n\t\t<\/div>\n\t\t\t\t\t<\/div>\n\t\t<\/section>\n\t\t\t\t<section class=\"elementor-section elementor-top-section elementor-element elementor-element-697d5d42 elementor-section-boxed elementor-section-height-default elementor-section-height-default\" data-id=\"697d5d42\" data-element_type=\"section\" data-e-type=\"section\" data-settings=\"{&quot;background_background&quot;:&quot;classic&quot;}\">\n\t\t\t\t\t\t<div class=\"elementor-container elementor-column-gap-no\">\n\t\t\t\t\t<div class=\"elementor-column elementor-col-100 elementor-top-column elementor-element elementor-element-7c6fce17\" data-id=\"7c6fce17\" data-element_type=\"column\" data-e-type=\"column\">\n\t\t\t<div class=\"elementor-widget-wrap elementor-element-populated\">\n\t\t\t\t\t\t<div class=\"elementor-element elementor-element-19e2ff96 elementor-widget elementor-widget-image\" data-id=\"19e2ff96\" data-element_type=\"widget\" data-e-type=\"widget\" data-widget_type=\"image.default\">\n\t\t\t\t<div class=\"elementor-widget-container\">\n\t\t\t\t\t\t\t\t\t\t\t\t\t\t\t<img fetchpriority=\"high\" decoding=\"async\" width=\"1500\" height=\"1125\" src=\"https:\/\/www.viajaconsele.com\/wp-content\/uploads\/2024\/01\/IMG-1786.jpg\" class=\"attachment-full size-full wp-image-669\" alt=\"Viaja con Sele - Northern Lights\" srcset=\"https:\/\/www.viajaconsele.com\/wp-content\/uploads\/2024\/01\/IMG-1786.jpg 1500w, https:\/\/www.viajaconsele.com\/wp-content\/uploads\/2024\/01\/IMG-1786-300x225.jpg 300w, https:\/\/www.viajaconsele.com\/wp-content\/uploads\/2024\/01\/IMG-1786-1024x768.jpg 1024w, https:\/\/www.viajaconsele.com\/wp-content\/uploads\/2024\/01\/IMG-1786-768x576.jpg 768w, https:\/\/www.viajaconsele.com\/wp-content\/uploads\/2024\/01\/IMG-1786-16x12.jpg 16w\" sizes=\"(max-width: 1500px) 100vw, 1500px\" \/>\t\t\t\t\t\t\t\t\t\t\t\t\t\t\t<\/div>\n\t\t\t\t<\/div>\n\t\t\t\t<div class=\"elementor-element elementor-element-7b7e910d elementor-widget elementor-widget-heading\" data-id=\"7b7e910d\" data-element_type=\"widget\" data-e-type=\"widget\" data-widget_type=\"heading.default\">\n\t\t\t\t<div class=\"elementor-widget-container\">\n\t\t\t\t\t<div class=\"elementor-heading-title elementor-size-default\">The blog<\/div>\t\t\t\t<\/div>\n\t\t\t\t<\/div>\n\t\t\t\t<div class=\"elementor-element elementor-element-20990e32 elementor-widget elementor-widget-heading\" data-id=\"20990e32\" data-element_type=\"widget\" data-e-type=\"widget\" data-widget_type=\"heading.default\">\n\t\t\t\t<div class=\"elementor-widget-container\">\n\t\t\t\t\t<h2 class=\"elementor-heading-title elementor-size-default\">Exploring the world with depth and passion<\/h2>\t\t\t\t<\/div>\n\t\t\t\t<\/div>\n\t\t\t\t<div class=\"elementor-element elementor-element-8a9d3e1 elementor-widget-divider--view-line elementor-widget elementor-widget-divider\" data-id=\"8a9d3e1\" data-element_type=\"widget\" data-e-type=\"widget\" data-widget_type=\"divider.default\">\n\t\t\t\t<div class=\"elementor-widget-container\">\n\t\t\t\t\t\t\t<div class=\"elementor-divider\">\n\t\t\t<span class=\"elementor-divider-separator\">\n\t\t\t\t\t\t<\/span>\n\t\t<\/div>\n\t\t\t\t\t\t<\/div>\n\t\t\t\t<\/div>\n\t\t\t\t<section class=\"elementor-section elementor-inner-section elementor-element elementor-element-2551690f elementor-section-boxed elementor-section-height-default elementor-section-height-default\" data-id=\"2551690f\" data-element_type=\"section\" data-e-type=\"section\">\n\t\t\t\t\t\t<div class=\"elementor-container elementor-column-gap-no\">\n\t\t\t\t\t<div class=\"elementor-column elementor-col-50 elementor-inner-column elementor-element elementor-element-340bad5\" data-id=\"340bad5\" data-element_type=\"column\" data-e-type=\"column\">\n\t\t\t<div class=\"elementor-widget-wrap elementor-element-populated\">\n\t\t\t\t\t\t<div class=\"elementor-element elementor-element-664cd85a elementor-widget elementor-widget-heading\" data-id=\"664cd85a\" data-element_type=\"widget\" data-e-type=\"widget\" data-widget_type=\"heading.default\">\n\t\t\t\t<div class=\"elementor-widget-container\">\n\t\t\t\t\t<h3 class=\"elementor-heading-title elementor-size-default\">A Journey Through Multiple Countries, Unforgettable Reflections and Adventures<\/h3>\t\t\t\t<\/div>\n\t\t\t\t<\/div>\n\t\t\t\t<div class=\"elementor-element elementor-element-83f2cde elementor-widget elementor-widget-image\" data-id=\"83f2cde\" data-element_type=\"widget\" data-e-type=\"widget\" data-widget_type=\"image.default\">\n\t\t\t\t<div class=\"elementor-widget-container\">\n\t\t\t\t\t\t\t\t\t\t\t\t\t\t\t<img decoding=\"async\" width=\"1024\" height=\"895\" src=\"https:\/\/www.viajaconsele.com\/wp-content\/uploads\/2024\/01\/IMG-4414photo-full-1024x895.jpg\" class=\"attachment-large size-large wp-image-683\" alt=\"Viaja con Sele - Islam\" srcset=\"https:\/\/www.viajaconsele.com\/wp-content\/uploads\/2024\/01\/IMG-4414photo-full-1024x895.jpg 1024w, https:\/\/www.viajaconsele.com\/wp-content\/uploads\/2024\/01\/IMG-4414photo-full-300x262.jpg 300w, https:\/\/www.viajaconsele.com\/wp-content\/uploads\/2024\/01\/IMG-4414photo-full-768x671.jpg 768w, https:\/\/www.viajaconsele.com\/wp-content\/uploads\/2024\/01\/IMG-4414photo-full-14x12.jpg 14w, https:\/\/www.viajaconsele.com\/wp-content\/uploads\/2024\/01\/IMG-4414photo-full.jpg 1373w\" sizes=\"(max-width: 1024px) 100vw, 1024px\" \/>\t\t\t\t\t\t\t\t\t\t\t\t\t\t\t<\/div>\n\t\t\t\t<\/div>\n\t\t\t\t\t<\/div>\n\t\t<\/div>\n\t\t\t\t<div class=\"elementor-column elementor-col-50 elementor-inner-column elementor-element elementor-element-1e3bb0a5\" data-id=\"1e3bb0a5\" data-element_type=\"column\" data-e-type=\"column\">\n\t\t\t<div class=\"elementor-widget-wrap elementor-element-populated\">\n\t\t\t\t\t\t<div class=\"elementor-element elementor-element-4aa95d15 elementor-widget elementor-widget-text-editor\" data-id=\"4aa95d15\" data-element_type=\"widget\" data-e-type=\"widget\" data-widget_type=\"text-editor.default\">\n\t\t\t\t<div class=\"elementor-widget-container\">\n\t\t\t\t\t\t\t\t\t<p style=\"font-weight: 400;\">In the winter of 2006, elrincondesele.com was born, a website where I can narrate my trips, inspire about new destinations and help other travelers in planning, since it contains multiple practical advice about more than one hundred countries in the world that I have been able to visit. Until now.<\/p><p style=\"font-weight: 400;\">A logbook that tens of millions of people have gone through and in which you can navigate through sensations, reflections and recommendations, with routes to both distant places and information about nearby getaways. Far removed from superficiality, the contents of El Rincon de Sele seek to achieve depth and honesty as well as serve so that other travelers can discover new destinations as well as plan them.<\/p><p style=\"font-weight: 400;\">Blog recommended by the newspaper El Pa\u00eds and ambassador of Radio Marca&#039;s travel program, Paralelo 20, which has appeared in numerous media outlets as a reference for digital travel information.<\/p><p style=\"font-weight: 400;\">He received the Excellence in Digital Communication in the tourism sector (IATI AWARDS) in 2020, highlighting his professionalism and career.<\/p>\t\t\t\t\t\t\t\t<\/div>\n\t\t\t\t<\/div>\n\t\t\t\t<div class=\"elementor-element elementor-element-1a289fa5 elementor-widget elementor-widget-button\" data-id=\"1a289fa5\" data-element_type=\"widget\" data-e-type=\"widget\" data-widget_type=\"button.default\">\n\t\t\t\t<div class=\"elementor-widget-container\">\n\t\t\t\t\t\t\t\t\t<div class=\"elementor-button-wrapper\">\n\t\t\t\t\t<a class=\"elementor-button elementor-button-link elementor-size-sm\" href=\"https:\/\/www.elrincondesele.com\">\n\t\t\t\t\t\t<span class=\"elementor-button-content-wrapper\">\n\t\t\t\t\t\t\t\t\t<span class=\"elementor-button-text\">Visit the blog<\/span>\n\t\t\t\t\t<\/span>\n\t\t\t\t\t<\/a>\n\t\t\t\t<\/div>\n\t\t\t\t\t\t\t\t<\/div>\n\t\t\t\t<\/div>\n\t\t\t\t\t<\/div>\n\t\t<\/div>\n\t\t\t\t\t<\/div>\n\t\t<\/section>\n\t\t\t\t\t<\/div>\n\t\t<\/div>\n\t\t\t\t\t<\/div>\n\t\t<\/section>\n\t\t\t\t<section class=\"elementor-section elementor-top-section elementor-element elementor-element-5aca66f elementor-section-height-min-height elementor-section-items-stretch elementor-section-content-bottom elementor-section-boxed elementor-section-height-default\" data-id=\"5aca66f\" data-element_type=\"section\" data-e-type=\"section\" data-settings=\"{&quot;background_background&quot;:&quot;classic&quot;}\">\n\t\t\t\t\t\t\t<div class=\"elementor-background-overlay\"><\/div>\n\t\t\t\t\t\t\t<div class=\"elementor-container elementor-column-gap-default\">\n\t\t\t\t\t<div class=\"elementor-column elementor-col-100 elementor-top-column elementor-element elementor-element-4a6390fe\" data-id=\"4a6390fe\" data-element_type=\"column\" data-e-type=\"column\">\n\t\t\t<div class=\"elementor-widget-wrap elementor-element-populated\">\n\t\t\t\t\t\t<section class=\"elementor-section elementor-inner-section elementor-element elementor-element-789c803a elementor-section-boxed elementor-section-height-default elementor-section-height-default\" data-id=\"789c803a\" data-element_type=\"section\" data-e-type=\"section\">\n\t\t\t\t\t\t<div class=\"elementor-container elementor-column-gap-no\">\n\t\t\t\t\t<div class=\"elementor-column elementor-col-100 elementor-inner-column elementor-element elementor-element-5019006e\" data-id=\"5019006e\" data-element_type=\"column\" data-e-type=\"column\">\n\t\t\t<div class=\"elementor-widget-wrap\">\n\t\t\t\t\t\t\t<\/div>\n\t\t<\/div>\n\t\t\t\t\t<\/div>\n\t\t<\/section>\n\t\t\t\t<section class=\"elementor-section elementor-inner-section elementor-element elementor-element-d0fd28a elementor-section-boxed elementor-section-height-default elementor-section-height-default elementor-invisible\" data-id=\"d0fd28a\" data-element_type=\"section\" data-e-type=\"section\" data-settings=\"{&quot;animation&quot;:&quot;fadeIn&quot;,&quot;animation_delay&quot;:400}\">\n\t\t\t\t\t\t<div class=\"elementor-container elementor-column-gap-narrow\">\n\t\t\t\t\t<div class=\"elementor-column elementor-col-50 elementor-inner-column elementor-element elementor-element-6a84ccaf\" data-id=\"6a84ccaf\" data-element_type=\"column\" data-e-type=\"column\">\n\t\t\t<div class=\"elementor-widget-wrap\">\n\t\t\t\t\t\t\t<\/div>\n\t\t<\/div>\n\t\t\t\t<div class=\"elementor-column elementor-col-50 elementor-inner-column elementor-element elementor-element-50fa4ee6\" data-id=\"50fa4ee6\" data-element_type=\"column\" data-e-type=\"column\">\n\t\t\t<div class=\"elementor-widget-wrap\">\n\t\t\t\t\t\t\t<\/div>\n\t\t<\/div>\n\t\t\t\t\t<\/div>\n\t\t<\/section>\n\t\t\t\t\t<\/div>\n\t\t<\/div>\n\t\t\t\t\t<\/div>\n\t\t<\/section>\n\t\t\t\t<\/div>","protected":false},"excerpt":{"rendered":"<p>Mi blog de viajes el rinc\u00f3n de sele El blog Explorando el mundo con profundidad y pasi\u00f3n Un Viaje a Trav\u00e9s de M\u00faltiples Pa\u00edses, Reflexiones y Aventuras Inolvidables En el invierno de 2006 naci\u00f3 elrincondesele.com, un sitio web donde poder narrar mis viajes, inspirar sobre nuevos destinos y ayudar en la planificaci\u00f3n a los dem\u00e1s [&hellip;]<\/p>\n","protected":false},"author":1,"featured_media":0,"parent":0,"menu_order":3,"comment_status":"closed","ping_status":"closed","template":"","meta":{"site-sidebar-layout":"no-sidebar","site-content-layout":"page-builder","ast-site-content-layout":"full-width-container","site-content-style":"default","site-sidebar-style":"default","ast-global-header-display":"","ast-banner-title-visibility":"","ast-main-header-display":"","ast-hfb-above-header-display":"","ast-hfb-below-header-display":"","ast-hfb-mobile-header-display":"","site-post-title":"disabled","ast-breadcrumbs-content":"","ast-featured-img":"disabled","footer-sml-layout":"","ast-disable-related-posts":"","theme-transparent-header-meta":"enabled","adv-header-id-meta":"","stick-header-meta":"default","header-above-stick-meta":"","header-main-stick-meta":"","header-below-stick-meta":"","astra-migrate-meta-layouts":"set","ast-page-background-enabled":"default","ast-page-background-meta":{"desktop":{"background-color":"var(--ast-global-color-4)","background-image":"","background-repeat":"repeat","background-position":"center center","background-size":"auto","background-attachment":"scroll","background-type":"","background-media":"","overlay-type":"","overlay-color":"","overlay-opacity":"","overlay-gradient":""},"tablet":{"background-color":"","background-image":"","background-repeat":"repeat","background-position":"center center","background-size":"auto","background-attachment":"scroll","background-type":"","background-media":"","overlay-type":"","overlay-color":"","overlay-opacity":"","overlay-gradient":""},"mobile":{"background-color":"","background-image":"","background-repeat":"repeat","background-position":"center center","background-size":"auto","background-attachment":"scroll","background-type":"","background-media":"","overlay-type":"","overlay-color":"","overlay-opacity":"","overlay-gradient":""}},"ast-content-background-meta":{"desktop":{"background-color":"var(--ast-global-color-5)","background-image":"","background-repeat":"repeat","background-position":"center center","background-size":"auto","background-attachment":"scroll","background-type":"","background-media":"","overlay-type":"","overlay-color":"","overlay-opacity":"","overlay-gradient":""},"tablet":{"background-color":"var(--ast-global-color-5)","background-image":"","background-repeat":"repeat","background-position":"center center","background-size":"auto","background-attachment":"scroll","background-type":"","background-media":"","overlay-type":"","overlay-color":"","overlay-opacity":"","overlay-gradient":""},"mobile":{"background-color":"var(--ast-global-color-5)","background-image":"","background-repeat":"repeat","background-position":"center center","background-size":"auto","background-attachment":"scroll","background-type":"","background-media":"","overlay-type":"","overlay-color":"","overlay-opacity":"","overlay-gradient":""}},"footnotes":""},"class_list":["post-417","page","type-page","status-publish","hentry"],"yoast_head":"<!-- This site is optimized with the Yoast SEO plugin v27.4 - https:\/\/yoast.com\/product\/yoast-seo-wordpress\/ -->\n<title>El rinc\u00f3n de Sele, el blog de viajes - Viaja con Sele<\/title>\n<meta name=\"description\" content=\"Explora el mundo con profundidad y pasi\u00f3n en El Rinc\u00f3n de Sele, un blog de viajes que te lleva a trav\u00e9s de m\u00faltiples pa\u00edses, reflexiones y aventuras inolvidables.\" \/>\n<meta name=\"robots\" content=\"index, follow, max-snippet:-1, max-image-preview:large, max-video-preview:-1\" \/>\n<link rel=\"canonical\" href=\"https:\/\/www.viajaconsele.com\/en\/the-corner-of-sele-the-travel-blog\/\" \/>\n<meta property=\"og:locale\" content=\"en_US\" \/>\n<meta property=\"og:type\" content=\"article\" \/>\n<meta property=\"og:title\" content=\"El rinc\u00f3n de Sele, el blog de viajes - Viaja con Sele\" \/>\n<meta property=\"og:description\" content=\"Explora el mundo con profundidad y pasi\u00f3n en El Rinc\u00f3n de Sele, un blog de viajes que te lleva a trav\u00e9s de m\u00faltiples pa\u00edses, reflexiones y aventuras inolvidables.\" \/>\n<meta property=\"og:url\" content=\"https:\/\/www.viajaconsele.com\/en\/the-corner-of-sele-the-travel-blog\/\" \/>\n<meta property=\"og:site_name\" content=\"Viaja con Sele\" \/>\n<meta property=\"article:modified_time\" content=\"2024-03-04T09:41:19+00:00\" \/>\n<meta property=\"og:image\" content=\"https:\/\/www.viajaconsele.com\/wp-content\/uploads\/2024\/01\/IMG-1786.jpg\" \/>\n<meta name=\"twitter:card\" content=\"summary_large_image\" \/>\n<script type=\"application\/ld+json\" class=\"yoast-schema-graph\">{\"@context\":\"https:\\\/\\\/schema.org\",\"@graph\":[{\"@type\":\"WebPage\",\"@id\":\"https:\\\/\\\/www.viajaconsele.com\\\/el-rincon-de-sele-el-blog-de-viajes\\\/\",\"url\":\"https:\\\/\\\/www.viajaconsele.com\\\/el-rincon-de-sele-el-blog-de-viajes\\\/\",\"name\":\"El rinc\u00f3n de Sele, el blog de viajes - Viaja con Sele\",\"isPartOf\":{\"@id\":\"https:\\\/\\\/www.viajaconsele.com\\\/#website\"},\"primaryImageOfPage\":{\"@id\":\"https:\\\/\\\/www.viajaconsele.com\\\/el-rincon-de-sele-el-blog-de-viajes\\\/#primaryimage\"},\"image\":{\"@id\":\"https:\\\/\\\/www.viajaconsele.com\\\/el-rincon-de-sele-el-blog-de-viajes\\\/#primaryimage\"},\"thumbnailUrl\":\"https:\\\/\\\/www.viajaconsele.com\\\/wp-content\\\/uploads\\\/2024\\\/01\\\/IMG-1786.jpg\",\"datePublished\":\"2024-01-22T13:13:07+00:00\",\"dateModified\":\"2024-03-04T09:41:19+00:00\",\"description\":\"Explora el mundo con profundidad y pasi\u00f3n en El Rinc\u00f3n de Sele, un blog de viajes que te lleva a trav\u00e9s de m\u00faltiples pa\u00edses, reflexiones y aventuras inolvidables.\",\"breadcrumb\":{\"@id\":\"https:\\\/\\\/www.viajaconsele.com\\\/el-rincon-de-sele-el-blog-de-viajes\\\/#breadcrumb\"},\"inLanguage\":\"en-US\",\"potentialAction\":[{\"@type\":\"ReadAction\",\"target\":[\"https:\\\/\\\/www.viajaconsele.com\\\/el-rincon-de-sele-el-blog-de-viajes\\\/\"]}]},{\"@type\":\"ImageObject\",\"inLanguage\":\"en-US\",\"@id\":\"https:\\\/\\\/www.viajaconsele.com\\\/el-rincon-de-sele-el-blog-de-viajes\\\/#primaryimage\",\"url\":\"https:\\\/\\\/www.viajaconsele.com\\\/wp-content\\\/uploads\\\/2024\\\/01\\\/IMG-1786.jpg\",\"contentUrl\":\"https:\\\/\\\/www.viajaconsele.com\\\/wp-content\\\/uploads\\\/2024\\\/01\\\/IMG-1786.jpg\"},{\"@type\":\"BreadcrumbList\",\"@id\":\"https:\\\/\\\/www.viajaconsele.com\\\/el-rincon-de-sele-el-blog-de-viajes\\\/#breadcrumb\",\"itemListElement\":[{\"@type\":\"ListItem\",\"position\":1,\"name\":\"Inicio\",\"item\":\"https:\\\/\\\/www.viajaconsele.com\\\/\"},{\"@type\":\"ListItem\",\"position\":2,\"name\":\"El rinc\u00f3n de Sele, el blog de viajes\"}]},{\"@type\":\"WebSite\",\"@id\":\"https:\\\/\\\/www.viajaconsele.com\\\/#website\",\"url\":\"https:\\\/\\\/www.viajaconsele.com\\\/\",\"name\":\"Viaja con Sele\",\"description\":\"Viajes, expediciones y contenidos tur\u00edsticos\",\"publisher\":{\"@id\":\"https:\\\/\\\/www.viajaconsele.com\\\/#organization\"},\"potentialAction\":[{\"@type\":\"SearchAction\",\"target\":{\"@type\":\"EntryPoint\",\"urlTemplate\":\"https:\\\/\\\/www.viajaconsele.com\\\/?s={search_term_string}\"},\"query-input\":{\"@type\":\"PropertyValueSpecification\",\"valueRequired\":true,\"valueName\":\"search_term_string\"}}],\"inLanguage\":\"en-US\"},{\"@type\":\"Organization\",\"@id\":\"https:\\\/\\\/www.viajaconsele.com\\\/#organization\",\"name\":\"Viaja con Sele\",\"url\":\"https:\\\/\\\/www.viajaconsele.com\\\/\",\"logo\":{\"@type\":\"ImageObject\",\"inLanguage\":\"en-US\",\"@id\":\"https:\\\/\\\/www.viajaconsele.com\\\/#\\\/schema\\\/logo\\\/image\\\/\",\"url\":\"https:\\\/\\\/www.viajaconsele.com\\\/wp-content\\\/uploads\\\/2024\\\/02\\\/Viaja-con-Sele-logo-2.png\",\"contentUrl\":\"https:\\\/\\\/www.viajaconsele.com\\\/wp-content\\\/uploads\\\/2024\\\/02\\\/Viaja-con-Sele-logo-2.png\",\"width\":625,\"height\":625,\"caption\":\"Viaja con Sele\"},\"image\":{\"@id\":\"https:\\\/\\\/www.viajaconsele.com\\\/#\\\/schema\\\/logo\\\/image\\\/\"}}]}<\/script>\n<!-- \/ Yoast SEO plugin. -->","yoast_head_json":{"title":"Sele&#039;s corner, the travel blog - Viaja con Sele","description":"Explore the world with depth and passion in El Rinc\u00f3n de Sele, a travel blog that takes you through multiple countries, reflections and unforgettable adventures.","robots":{"index":"index","follow":"follow","max-snippet":"max-snippet:-1","max-image-preview":"max-image-preview:large","max-video-preview":"max-video-preview:-1"},"canonical":"https:\/\/www.viajaconsele.com\/en\/the-corner-of-sele-the-travel-blog\/","og_locale":"en_US","og_type":"article","og_title":"El rinc\u00f3n de Sele, el blog de viajes - Viaja con Sele","og_description":"Explora el mundo con profundidad y pasi\u00f3n en El Rinc\u00f3n de Sele, un blog de viajes que te lleva a trav\u00e9s de m\u00faltiples pa\u00edses, reflexiones y aventuras inolvidables.","og_url":"https:\/\/www.viajaconsele.com\/en\/the-corner-of-sele-the-travel-blog\/","og_site_name":"Viaja con Sele","article_modified_time":"2024-03-04T09:41:19+00:00","og_image":[{"url":"https:\/\/www.viajaconsele.com\/wp-content\/uploads\/2024\/01\/IMG-1786.jpg","type":"","width":"","height":""}],"twitter_card":"summary_large_image","schema":{"@context":"https:\/\/schema.org","@graph":[{"@type":"WebPage","@id":"https:\/\/www.viajaconsele.com\/el-rincon-de-sele-el-blog-de-viajes\/","url":"https:\/\/www.viajaconsele.com\/el-rincon-de-sele-el-blog-de-viajes\/","name":"Sele&#039;s corner, the travel blog - Viaja con Sele","isPartOf":{"@id":"https:\/\/www.viajaconsele.com\/#website"},"primaryImageOfPage":{"@id":"https:\/\/www.viajaconsele.com\/el-rincon-de-sele-el-blog-de-viajes\/#primaryimage"},"image":{"@id":"https:\/\/www.viajaconsele.com\/el-rincon-de-sele-el-blog-de-viajes\/#primaryimage"},"thumbnailUrl":"https:\/\/www.viajaconsele.com\/wp-content\/uploads\/2024\/01\/IMG-1786.jpg","datePublished":"2024-01-22T13:13:07+00:00","dateModified":"2024-03-04T09:41:19+00:00","description":"Explore the world with depth and passion in El Rinc\u00f3n de Sele, a travel blog that takes you through multiple countries, reflections and unforgettable adventures.","breadcrumb":{"@id":"https:\/\/www.viajaconsele.com\/el-rincon-de-sele-el-blog-de-viajes\/#breadcrumb"},"inLanguage":"en-US","potentialAction":[{"@type":"ReadAction","target":["https:\/\/www.viajaconsele.com\/el-rincon-de-sele-el-blog-de-viajes\/"]}]},{"@type":"ImageObject","inLanguage":"en-US","@id":"https:\/\/www.viajaconsele.com\/el-rincon-de-sele-el-blog-de-viajes\/#primaryimage","url":"https:\/\/www.viajaconsele.com\/wp-content\/uploads\/2024\/01\/IMG-1786.jpg","contentUrl":"https:\/\/www.viajaconsele.com\/wp-content\/uploads\/2024\/01\/IMG-1786.jpg"},{"@type":"BreadcrumbList","@id":"https:\/\/www.viajaconsele.com\/el-rincon-de-sele-el-blog-de-viajes\/#breadcrumb","itemListElement":[{"@type":"ListItem","position":1,"name":"Inicio","item":"https:\/\/www.viajaconsele.com\/"},{"@type":"ListItem","position":2,"name":"El rinc\u00f3n de Sele, el blog de viajes"}]},{"@type":"WebSite","@id":"https:\/\/www.viajaconsele.com\/#website","url":"https:\/\/www.viajaconsele.com\/","name":"Viaja con Sele","description":"Trips, expeditions and tourist content","publisher":{"@id":"https:\/\/www.viajaconsele.com\/#organization"},"potentialAction":[{"@type":"SearchAction","target":{"@type":"EntryPoint","urlTemplate":"https:\/\/www.viajaconsele.com\/?s={search_term_string}"},"query-input":{"@type":"PropertyValueSpecification","valueRequired":true,"valueName":"search_term_string"}}],"inLanguage":"en-US"},{"@type":"Organization","@id":"https:\/\/www.viajaconsele.com\/#organization","name":"Viaja con Sele","url":"https:\/\/www.viajaconsele.com\/","logo":{"@type":"ImageObject","inLanguage":"en-US","@id":"https:\/\/www.viajaconsele.com\/#\/schema\/logo\/image\/","url":"https:\/\/www.viajaconsele.com\/wp-content\/uploads\/2024\/02\/Viaja-con-Sele-logo-2.png","contentUrl":"https:\/\/www.viajaconsele.com\/wp-content\/uploads\/2024\/02\/Viaja-con-Sele-logo-2.png","width":625,"height":625,"caption":"Viaja con Sele"},"image":{"@id":"https:\/\/www.viajaconsele.com\/#\/schema\/logo\/image\/"}}]}},"_links":{"self":[{"href":"https:\/\/www.viajaconsele.com\/en\/wp-json\/wp\/v2\/pages\/417","targetHints":{"allow":["GET"]}}],"collection":[{"href":"https:\/\/www.viajaconsele.com\/en\/wp-json\/wp\/v2\/pages"}],"about":[{"href":"https:\/\/www.viajaconsele.com\/en\/wp-json\/wp\/v2\/types\/page"}],"author":[{"embeddable":true,"href":"https:\/\/www.viajaconsele.com\/en\/wp-json\/wp\/v2\/users\/1"}],"replies":[{"embeddable":true,"href":"https:\/\/www.viajaconsele.com\/en\/wp-json\/wp\/v2\/comments?post=417"}],"version-history":[{"count":51,"href":"https:\/\/www.viajaconsele.com\/en\/wp-json\/wp\/v2\/pages\/417\/revisions"}],"predecessor-version":[{"id":1149,"href":"https:\/\/www.viajaconsele.com\/en\/wp-json\/wp\/v2\/pages\/417\/revisions\/1149"}],"wp:attachment":[{"href":"https:\/\/www.viajaconsele.com\/en\/wp-json\/wp\/v2\/media?parent=417"}],"curies":[{"name":"wp","href":"https:\/\/api.w.org\/{rel}","templated":true}]}}