{"id":413,"date":"2024-01-22T14:12:40","date_gmt":"2024-01-22T13:12:40","guid":{"rendered":"https:\/\/www.viajaconsele.com\/?page_id=413"},"modified":"2024-03-04T10:48:40","modified_gmt":"2024-03-04T09:48:40","slug":"author-trips","status":"publish","type":"page","link":"https:\/\/www.viajaconsele.com\/en\/viajes-de-autor\/","title":{"rendered":"Personalized travel"},"content":{"rendered":"<div data-elementor-type=\"wp-page\" data-elementor-id=\"413\" class=\"elementor elementor-413\" data-elementor-post-type=\"page\">\n\t\t\t\t\t\t<section class=\"elementor-section elementor-top-section elementor-element elementor-element-ebd5fe2 elementor-section-height-min-height elementor-section-boxed elementor-section-height-default elementor-section-items-middle\" data-id=\"ebd5fe2\" data-element_type=\"section\" data-e-type=\"section\" data-settings=\"{&quot;background_background&quot;:&quot;classic&quot;}\">\n\t\t\t\t\t\t\t<div class=\"elementor-background-overlay\"><\/div>\n\t\t\t\t\t\t\t<div class=\"elementor-container elementor-column-gap-no\">\n\t\t\t\t\t<div class=\"elementor-column elementor-col-100 elementor-top-column elementor-element elementor-element-2883212b\" data-id=\"2883212b\" data-element_type=\"column\" data-e-type=\"column\">\n\t\t\t<div class=\"elementor-widget-wrap elementor-element-populated\">\n\t\t\t\t\t\t<div class=\"elementor-element elementor-element-7f04314 elementor-widget elementor-widget-heading\" data-id=\"7f04314\" data-element_type=\"widget\" data-e-type=\"widget\" data-widget_type=\"heading.default\">\n\t\t\t\t<div class=\"elementor-widget-container\">\n\t\t\t\t\t<div class=\"elementor-heading-title elementor-size-default\">Since 2019<\/div>\t\t\t\t<\/div>\n\t\t\t\t<\/div>\n\t\t\t\t<div class=\"elementor-element elementor-element-149fd5a8 elementor-widget elementor-widget-heading\" data-id=\"149fd5a8\" data-element_type=\"widget\" data-e-type=\"widget\" data-widget_type=\"heading.default\">\n\t\t\t\t<div class=\"elementor-widget-container\">\n\t\t\t\t\t<h1 class=\"elementor-heading-title elementor-size-default\">Personalized travel<\/h1>\t\t\t\t<\/div>\n\t\t\t\t<\/div>\n\t\t\t\t\t<\/div>\n\t\t<\/div>\n\t\t\t\t\t<\/div>\n\t\t<\/section>\n\t\t\t\t<section class=\"elementor-section elementor-top-section elementor-element elementor-element-3468a27f elementor-section-height-min-height elementor-section-boxed elementor-section-height-default elementor-section-items-middle\" data-id=\"3468a27f\" data-element_type=\"section\" data-e-type=\"section\" data-settings=\"{&quot;background_background&quot;:&quot;gradient&quot;}\">\n\t\t\t\t\t\t<div class=\"elementor-container elementor-column-gap-no\">\n\t\t\t\t\t<div class=\"elementor-column elementor-col-100 elementor-top-column elementor-element elementor-element-483835f3\" data-id=\"483835f3\" data-element_type=\"column\" data-e-type=\"column\">\n\t\t\t<div class=\"elementor-widget-wrap\">\n\t\t\t\t\t\t\t<\/div>\n\t\t<\/div>\n\t\t\t\t\t<\/div>\n\t\t<\/section>\n\t\t\t\t<section class=\"elementor-section elementor-top-section elementor-element elementor-element-2a0d53c5 elementor-section-full_width elementor-section-height-min-height elementor-section-items-top elementor-section-content-top elementor-reverse-mobile elementor-section-height-default\" data-id=\"2a0d53c5\" data-element_type=\"section\" data-e-type=\"section\" data-settings=\"{&quot;background_background&quot;:&quot;classic&quot;}\">\n\t\t\t\t\t\t\t<div class=\"elementor-background-overlay\"><\/div>\n\t\t\t\t\t\t\t<div class=\"elementor-container elementor-column-gap-wider\">\n\t\t\t\t\t<div class=\"elementor-column elementor-col-50 elementor-top-column elementor-element elementor-element-0e56a22\" data-id=\"0e56a22\" data-element_type=\"column\" data-e-type=\"column\">\n\t\t\t<div class=\"elementor-widget-wrap elementor-element-populated\">\n\t\t\t\t\t\t<div class=\"elementor-element elementor-element-4b54db4f elementor-widget elementor-widget-text-editor\" data-id=\"4b54db4f\" data-element_type=\"widget\" data-e-type=\"widget\" data-widget_type=\"text-editor.default\">\n\t\t\t\t<div class=\"elementor-widget-container\">\n\t\t\t\t\t\t\t\t\t<p style=\"font-weight: 400;\">In 2019 I started working with agencies to design and carry out dream trips to the most remote corners of the world accompanying the readers and followers of El Rincon de Sele. \u00a0<\/p><p style=\"font-weight: 400;\">Since then we have done together fascinating destinations such as Sao Tome and Principe, Kamchatka and Lake Baikal in Russia, Bhutan, Egypt by sailboat, Swedish Lapland, Svalbard, Greenland, Ladakh, Chiapas and Oaxaca in Mexico, Saudi Arabia, Tanzania, Uganda, Coast of Ivory, Albania or the enigmatic Yemeni island of Socotra.<\/p>\t\t\t\t\t\t\t\t<\/div>\n\t\t\t\t<\/div>\n\t\t\t\t\t<\/div>\n\t\t<\/div>\n\t\t\t\t<div class=\"elementor-column elementor-col-50 elementor-top-column elementor-element elementor-element-e17156e\" data-id=\"e17156e\" data-element_type=\"column\" data-e-type=\"column\">\n\t\t\t<div class=\"elementor-widget-wrap elementor-element-populated\">\n\t\t\t\t\t\t<div class=\"elementor-element elementor-element-406af9cb elementor-widget elementor-widget-heading\" data-id=\"406af9cb\" data-element_type=\"widget\" data-e-type=\"widget\" data-widget_type=\"heading.default\">\n\t\t\t\t<div class=\"elementor-widget-container\">\n\t\t\t\t\t<div class=\"elementor-heading-title elementor-size-default\">Explore the world with me<\/div>\t\t\t\t<\/div>\n\t\t\t\t<\/div>\n\t\t\t\t<div class=\"elementor-element elementor-element-27c38fac elementor-widget elementor-widget-heading\" data-id=\"27c38fac\" data-element_type=\"widget\" data-e-type=\"widget\" data-widget_type=\"heading.default\">\n\t\t\t\t<div class=\"elementor-widget-container\">\n\t\t\t\t\t<h2 class=\"elementor-heading-title elementor-size-default\">Exclusive experiences in the most remote corners<\/h2>\t\t\t\t<\/div>\n\t\t\t\t<\/div>\n\t\t\t\t\t<\/div>\n\t\t<\/div>\n\t\t\t\t\t<\/div>\n\t\t<\/section>\n\t\t\t\t<section class=\"elementor-section elementor-top-section elementor-element elementor-element-22a068f3 elementor-section-height-min-height elementor-section-boxed elementor-section-height-default elementor-section-items-middle\" data-id=\"22a068f3\" data-element_type=\"section\" data-e-type=\"section\" data-settings=\"{&quot;background_background&quot;:&quot;gradient&quot;}\">\n\t\t\t\t\t\t<div class=\"elementor-container elementor-column-gap-no\">\n\t\t\t\t\t<div class=\"elementor-column elementor-col-100 elementor-top-column elementor-element elementor-element-594ce7d0\" data-id=\"594ce7d0\" data-element_type=\"column\" data-e-type=\"column\">\n\t\t\t<div class=\"elementor-widget-wrap\">\n\t\t\t\t\t\t\t<\/div>\n\t\t<\/div>\n\t\t\t\t\t<\/div>\n\t\t<\/section>\n\t\t\t\t<section class=\"elementor-section elementor-top-section elementor-element elementor-element-77a63413 elementor-section-height-min-height elementor-section-items-top elementor-section-boxed elementor-section-height-default\" data-id=\"77a63413\" data-element_type=\"section\" data-e-type=\"section\" data-settings=\"{&quot;background_background&quot;:&quot;classic&quot;}\">\n\t\t\t\t\t\t\t<div class=\"elementor-background-overlay\"><\/div>\n\t\t\t\t\t\t\t<div class=\"elementor-container elementor-column-gap-no\">\n\t\t\t\t\t<div class=\"elementor-column elementor-col-100 elementor-top-column elementor-element elementor-element-4fbc924e\" data-id=\"4fbc924e\" data-element_type=\"column\" data-e-type=\"column\">\n\t\t\t<div class=\"elementor-widget-wrap elementor-element-populated\">\n\t\t\t\t\t\t<div class=\"elementor-element elementor-element-4f4b492c elementor-widget elementor-widget-heading\" data-id=\"4f4b492c\" data-element_type=\"widget\" data-e-type=\"widget\" data-widget_type=\"heading.default\">\n\t\t\t\t<div class=\"elementor-widget-container\">\n\t\t\t\t\t<div class=\"elementor-heading-title elementor-size-default\">Need help?<\/div>\t\t\t\t<\/div>\n\t\t\t\t<\/div>\n\t\t\t\t<div class=\"elementor-element elementor-element-22e51c01 elementor-widget elementor-widget-heading\" data-id=\"22e51c01\" data-element_type=\"widget\" data-e-type=\"widget\" data-widget_type=\"heading.default\">\n\t\t\t\t<div class=\"elementor-widget-container\">\n\t\t\t\t\t<h2 class=\"elementor-heading-title elementor-size-default\">Design trips<\/h2>\t\t\t\t<\/div>\n\t\t\t\t<\/div>\n\t\t\t\t<div class=\"elementor-element elementor-element-0e49ac5 elementor-widget elementor-widget-button\" data-id=\"0e49ac5\" data-element_type=\"widget\" data-e-type=\"widget\" data-widget_type=\"button.default\">\n\t\t\t\t<div class=\"elementor-widget-container\">\n\t\t\t\t\t\t\t\t\t<div class=\"elementor-button-wrapper\">\n\t\t\t\t\t<a class=\"elementor-button elementor-button-link elementor-size-sm\" href=\"https:\/\/www.elrincondesele.com\/viajes-de-autor-te-vienes-conmigo\/\">\n\t\t\t\t\t\t<span class=\"elementor-button-content-wrapper\">\n\t\t\t\t\t\t\t\t\t<span class=\"elementor-button-text\">More information<\/span>\n\t\t\t\t\t<\/span>\n\t\t\t\t\t<\/a>\n\t\t\t\t<\/div>\n\t\t\t\t\t\t\t\t<\/div>\n\t\t\t\t<\/div>\n\t\t\t\t\t<\/div>\n\t\t<\/div>\n\t\t\t\t\t<\/div>\n\t\t<\/section>\n\t\t\t\t<\/div>","protected":false},"excerpt":{"rendered":"<p>Desde 2019 Viajes de autor En 2019 empec\u00e9 a trabajar con agencias para dise\u00f1ar y realizar viajes so\u00f1ados a los rincones m\u00e1s rec\u00f3nditos del mundo acompa\u00f1ando a los lectores y seguidores de El rinc\u00f3n de Sele. \u00a0 Desde entonces hemos hecho juntos destinos fascinantes como Santo Tom\u00e9 y Pr\u00edncipe, Kamchatka y Lago Baikal en Rusia, [&hellip;]<\/p>\n","protected":false},"author":1,"featured_media":0,"parent":0,"menu_order":5,"comment_status":"closed","ping_status":"closed","template":"","meta":{"site-sidebar-layout":"no-sidebar","site-content-layout":"page-builder","ast-site-content-layout":"full-width-container","site-content-style":"default","site-sidebar-style":"default","ast-global-header-display":"","ast-banner-title-visibility":"","ast-main-header-display":"","ast-hfb-above-header-display":"","ast-hfb-below-header-display":"","ast-hfb-mobile-header-display":"","site-post-title":"disabled","ast-breadcrumbs-content":"","ast-featured-img":"disabled","footer-sml-layout":"","ast-disable-related-posts":"","theme-transparent-header-meta":"enabled","adv-header-id-meta":"","stick-header-meta":"default","header-above-stick-meta":"","header-main-stick-meta":"","header-below-stick-meta":"","astra-migrate-meta-layouts":"set","ast-page-background-enabled":"default","ast-page-background-meta":{"desktop":{"background-color":"var(--ast-global-color-4)","background-image":"","background-repeat":"repeat","background-position":"center center","background-size":"auto","background-attachment":"scroll","background-type":"","background-media":"","overlay-type":"","overlay-color":"","overlay-opacity":"","overlay-gradient":""},"tablet":{"background-color":"","background-image":"","background-repeat":"repeat","background-position":"center center","background-size":"auto","background-attachment":"scroll","background-type":"","background-media":"","overlay-type":"","overlay-color":"","overlay-opacity":"","overlay-gradient":""},"mobile":{"background-color":"","background-image":"","background-repeat":"repeat","background-position":"center center","background-size":"auto","background-attachment":"scroll","background-type":"","background-media":"","overlay-type":"","overlay-color":"","overlay-opacity":"","overlay-gradient":""}},"ast-content-background-meta":{"desktop":{"background-color":"var(--ast-global-color-5)","background-image":"","background-repeat":"repeat","background-position":"center center","background-size":"auto","background-attachment":"scroll","background-type":"","background-media":"","overlay-type":"","overlay-color":"","overlay-opacity":"","overlay-gradient":""},"tablet":{"background-color":"var(--ast-global-color-5)","background-image":"","background-repeat":"repeat","background-position":"center center","background-size":"auto","background-attachment":"scroll","background-type":"","background-media":"","overlay-type":"","overlay-color":"","overlay-opacity":"","overlay-gradient":""},"mobile":{"background-color":"var(--ast-global-color-5)","background-image":"","background-repeat":"repeat","background-position":"center center","background-size":"auto","background-attachment":"scroll","background-type":"","background-media":"","overlay-type":"","overlay-color":"","overlay-opacity":"","overlay-gradient":""}},"footnotes":""},"class_list":["post-413","page","type-page","status-publish","hentry"],"yoast_head":"<!-- This site is optimized with the Yoast SEO plugin v27.4 - https:\/\/yoast.com\/product\/yoast-seo-wordpress\/ -->\n<title>Viajes de autor - Viaja con Sele<\/title>\n<meta name=\"description\" content=\"Desde 2019, dise\u00f1o y realizo viajes de autor a destinos fascinantes como Santo Tom\u00e9 y Pr\u00edncipe, Kamchatka y Lago Baikal en Rusia.\" \/>\n<meta name=\"robots\" content=\"index, follow, max-snippet:-1, max-image-preview:large, max-video-preview:-1\" \/>\n<link rel=\"canonical\" href=\"https:\/\/www.viajaconsele.com\/en\/author-trips\/\" \/>\n<meta property=\"og:locale\" content=\"en_US\" \/>\n<meta property=\"og:type\" content=\"article\" \/>\n<meta property=\"og:title\" content=\"Viajes de autor - Viaja con Sele\" \/>\n<meta property=\"og:description\" content=\"Desde 2019, dise\u00f1o y realizo viajes de autor a destinos fascinantes como Santo Tom\u00e9 y Pr\u00edncipe, Kamchatka y Lago Baikal en Rusia.\" \/>\n<meta property=\"og:url\" content=\"https:\/\/www.viajaconsele.com\/en\/author-trips\/\" \/>\n<meta property=\"og:site_name\" content=\"Viaja con Sele\" \/>\n<meta property=\"article:modified_time\" content=\"2024-03-04T09:48:40+00:00\" \/>\n<meta property=\"og:image\" content=\"https:\/\/www.viajaconsele.com\/wp-content\/uploads\/2024\/01\/1-1.png\" \/>\n\t<meta property=\"og:image:width\" content=\"500\" \/>\n\t<meta property=\"og:image:height\" content=\"500\" \/>\n\t<meta property=\"og:image:type\" content=\"image\/png\" \/>\n<meta name=\"twitter:card\" content=\"summary_large_image\" \/>\n<script type=\"application\/ld+json\" class=\"yoast-schema-graph\">{\"@context\":\"https:\\\/\\\/schema.org\",\"@graph\":[{\"@type\":\"WebPage\",\"@id\":\"https:\\\/\\\/www.viajaconsele.com\\\/viajes-de-autor\\\/\",\"url\":\"https:\\\/\\\/www.viajaconsele.com\\\/viajes-de-autor\\\/\",\"name\":\"Viajes de autor - Viaja con Sele\",\"isPartOf\":{\"@id\":\"https:\\\/\\\/www.viajaconsele.com\\\/#website\"},\"datePublished\":\"2024-01-22T13:12:40+00:00\",\"dateModified\":\"2024-03-04T09:48:40+00:00\",\"description\":\"Desde 2019, dise\u00f1o y realizo viajes de autor a destinos fascinantes como Santo Tom\u00e9 y Pr\u00edncipe, Kamchatka y Lago Baikal en Rusia.\",\"breadcrumb\":{\"@id\":\"https:\\\/\\\/www.viajaconsele.com\\\/viajes-de-autor\\\/#breadcrumb\"},\"inLanguage\":\"en-US\",\"potentialAction\":[{\"@type\":\"ReadAction\",\"target\":[\"https:\\\/\\\/www.viajaconsele.com\\\/viajes-de-autor\\\/\"]}]},{\"@type\":\"BreadcrumbList\",\"@id\":\"https:\\\/\\\/www.viajaconsele.com\\\/viajes-de-autor\\\/#breadcrumb\",\"itemListElement\":[{\"@type\":\"ListItem\",\"position\":1,\"name\":\"Inicio\",\"item\":\"https:\\\/\\\/www.viajaconsele.com\\\/\"},{\"@type\":\"ListItem\",\"position\":2,\"name\":\"Viajes de autor\"}]},{\"@type\":\"WebSite\",\"@id\":\"https:\\\/\\\/www.viajaconsele.com\\\/#website\",\"url\":\"https:\\\/\\\/www.viajaconsele.com\\\/\",\"name\":\"Viaja con Sele\",\"description\":\"Viajes, expediciones y contenidos tur\u00edsticos\",\"publisher\":{\"@id\":\"https:\\\/\\\/www.viajaconsele.com\\\/#organization\"},\"potentialAction\":[{\"@type\":\"SearchAction\",\"target\":{\"@type\":\"EntryPoint\",\"urlTemplate\":\"https:\\\/\\\/www.viajaconsele.com\\\/?s={search_term_string}\"},\"query-input\":{\"@type\":\"PropertyValueSpecification\",\"valueRequired\":true,\"valueName\":\"search_term_string\"}}],\"inLanguage\":\"en-US\"},{\"@type\":\"Organization\",\"@id\":\"https:\\\/\\\/www.viajaconsele.com\\\/#organization\",\"name\":\"Viaja con Sele\",\"url\":\"https:\\\/\\\/www.viajaconsele.com\\\/\",\"logo\":{\"@type\":\"ImageObject\",\"inLanguage\":\"en-US\",\"@id\":\"https:\\\/\\\/www.viajaconsele.com\\\/#\\\/schema\\\/logo\\\/image\\\/\",\"url\":\"https:\\\/\\\/www.viajaconsele.com\\\/wp-content\\\/uploads\\\/2024\\\/02\\\/Viaja-con-Sele-logo-2.png\",\"contentUrl\":\"https:\\\/\\\/www.viajaconsele.com\\\/wp-content\\\/uploads\\\/2024\\\/02\\\/Viaja-con-Sele-logo-2.png\",\"width\":625,\"height\":625,\"caption\":\"Viaja con Sele\"},\"image\":{\"@id\":\"https:\\\/\\\/www.viajaconsele.com\\\/#\\\/schema\\\/logo\\\/image\\\/\"}}]}<\/script>\n<!-- \/ Yoast SEO plugin. -->","yoast_head_json":{"title":"Personalized Travel - Viaja con Sele","description":"Since 2019, I have been designing and conducting signature trips to fascinating destinations such as Sao Tome and Principe, Kamchatka and Lake Baikal in Russia.","robots":{"index":"index","follow":"follow","max-snippet":"max-snippet:-1","max-image-preview":"max-image-preview:large","max-video-preview":"max-video-preview:-1"},"canonical":"https:\/\/www.viajaconsele.com\/en\/author-trips\/","og_locale":"en_US","og_type":"article","og_title":"Viajes de autor - Viaja con Sele","og_description":"Desde 2019, dise\u00f1o y realizo viajes de autor a destinos fascinantes como Santo Tom\u00e9 y Pr\u00edncipe, Kamchatka y Lago Baikal en Rusia.","og_url":"https:\/\/www.viajaconsele.com\/en\/author-trips\/","og_site_name":"Viaja con Sele","article_modified_time":"2024-03-04T09:48:40+00:00","og_image":[{"width":500,"height":500,"url":"https:\/\/www.viajaconsele.com\/wp-content\/uploads\/2024\/01\/1-1.png","type":"image\/png"}],"twitter_card":"summary_large_image","schema":{"@context":"https:\/\/schema.org","@graph":[{"@type":"WebPage","@id":"https:\/\/www.viajaconsele.com\/viajes-de-autor\/","url":"https:\/\/www.viajaconsele.com\/viajes-de-autor\/","name":"Personalized Travel - Viaja con Sele","isPartOf":{"@id":"https:\/\/www.viajaconsele.com\/#website"},"datePublished":"2024-01-22T13:12:40+00:00","dateModified":"2024-03-04T09:48:40+00:00","description":"Since 2019, I have been designing and conducting signature trips to fascinating destinations such as Sao Tome and Principe, Kamchatka and Lake Baikal in Russia.","breadcrumb":{"@id":"https:\/\/www.viajaconsele.com\/viajes-de-autor\/#breadcrumb"},"inLanguage":"en-US","potentialAction":[{"@type":"ReadAction","target":["https:\/\/www.viajaconsele.com\/viajes-de-autor\/"]}]},{"@type":"BreadcrumbList","@id":"https:\/\/www.viajaconsele.com\/viajes-de-autor\/#breadcrumb","itemListElement":[{"@type":"ListItem","position":1,"name":"Inicio","item":"https:\/\/www.viajaconsele.com\/"},{"@type":"ListItem","position":2,"name":"Viajes de autor"}]},{"@type":"WebSite","@id":"https:\/\/www.viajaconsele.com\/#website","url":"https:\/\/www.viajaconsele.com\/","name":"Viaja con Sele","description":"Trips, expeditions and tourist content","publisher":{"@id":"https:\/\/www.viajaconsele.com\/#organization"},"potentialAction":[{"@type":"SearchAction","target":{"@type":"EntryPoint","urlTemplate":"https:\/\/www.viajaconsele.com\/?s={search_term_string}"},"query-input":{"@type":"PropertyValueSpecification","valueRequired":true,"valueName":"search_term_string"}}],"inLanguage":"en-US"},{"@type":"Organization","@id":"https:\/\/www.viajaconsele.com\/#organization","name":"Viaja con Sele","url":"https:\/\/www.viajaconsele.com\/","logo":{"@type":"ImageObject","inLanguage":"en-US","@id":"https:\/\/www.viajaconsele.com\/#\/schema\/logo\/image\/","url":"https:\/\/www.viajaconsele.com\/wp-content\/uploads\/2024\/02\/Viaja-con-Sele-logo-2.png","contentUrl":"https:\/\/www.viajaconsele.com\/wp-content\/uploads\/2024\/02\/Viaja-con-Sele-logo-2.png","width":625,"height":625,"caption":"Viaja con Sele"},"image":{"@id":"https:\/\/www.viajaconsele.com\/#\/schema\/logo\/image\/"}}]}},"_links":{"self":[{"href":"https:\/\/www.viajaconsele.com\/en\/wp-json\/wp\/v2\/pages\/413","targetHints":{"allow":["GET"]}}],"collection":[{"href":"https:\/\/www.viajaconsele.com\/en\/wp-json\/wp\/v2\/pages"}],"about":[{"href":"https:\/\/www.viajaconsele.com\/en\/wp-json\/wp\/v2\/types\/page"}],"author":[{"embeddable":true,"href":"https:\/\/www.viajaconsele.com\/en\/wp-json\/wp\/v2\/users\/1"}],"replies":[{"embeddable":true,"href":"https:\/\/www.viajaconsele.com\/en\/wp-json\/wp\/v2\/comments?post=413"}],"version-history":[{"count":53,"href":"https:\/\/www.viajaconsele.com\/en\/wp-json\/wp\/v2\/pages\/413\/revisions"}],"predecessor-version":[{"id":1164,"href":"https:\/\/www.viajaconsele.com\/en\/wp-json\/wp\/v2\/pages\/413\/revisions\/1164"}],"wp:attachment":[{"href":"https:\/\/www.viajaconsele.com\/en\/wp-json\/wp\/v2\/media?parent=413"}],"curies":[{"name":"wp","href":"https:\/\/api.w.org\/{rel}","templated":true}]}}